{"id":1025,"date":"2026-02-20T15:11:14","date_gmt":"2026-02-20T15:11:14","guid":{"rendered":"https:\/\/mathforteens.pt\/?post_type=product&#038;p=1025"},"modified":"2026-02-20T15:11:15","modified_gmt":"2026-02-20T15:11:15","slug":"aula-18-4","status":"publish","type":"product","link":"https:\/\/mathforteens.pt\/?product=aula-18-4","title":{"rendered":"AULA 18"},"content":{"rendered":"","protected":false},"excerpt":{"rendered":"<div>\n<div>\n<div>\n<p>AULA 18 | Obten\u00e7\u00e3o de Energia: fermenta\u00e7\u00e3o e respira\u00e7\u00e3o<\/p>\n<\/div>\n<\/div>\n<div>\n<div>\n<p>Dura\u00e7\u00e3o: 2h<\/p>\n<\/div>\n<div>\n<p>Valor: 28 euros<\/p>\n<\/div>\n<\/div>\n<div>\n<div>\n<p>01\/05 | 14h<\/p>\n<\/div>\n<\/div>\n<\/div>\n","protected":false},"featured_media":1008,"comment_status":"open","ping_status":"closed","template":"","meta":[],"product_brand":[],"product_cat":[45],"product_tag":[],"class_list":{"0":"post-1025","1":"product","2":"type-product","3":"status-publish","4":"has-post-thumbnail","6":"product_cat-vemexame26_bg","8":"first","9":"instock","10":"downloadable","11":"shipping-taxable","12":"purchasable","13":"product-type-simple"},"jetpack_sharing_enabled":true,"_links":{"self":[{"href":"https:\/\/mathforteens.pt\/index.php?rest_route=\/wp\/v2\/product\/1025","targetHints":{"allow":["GET"]}}],"collection":[{"href":"https:\/\/mathforteens.pt\/index.php?rest_route=\/wp\/v2\/product"}],"about":[{"href":"https:\/\/mathforteens.pt\/index.php?rest_route=\/wp\/v2\/types\/product"}],"replies":[{"embeddable":true,"href":"https:\/\/mathforteens.pt\/index.php?rest_route=%2Fwp%2Fv2%2Fcomments&post=1025"}],"wp:featuredmedia":[{"embeddable":true,"href":"https:\/\/mathforteens.pt\/index.php?rest_route=\/wp\/v2\/media\/1008"}],"wp:attachment":[{"href":"https:\/\/mathforteens.pt\/index.php?rest_route=%2Fwp%2Fv2%2Fmedia&parent=1025"}],"wp:term":[{"taxonomy":"product_brand","embeddable":true,"href":"https:\/\/mathforteens.pt\/index.php?rest_route=%2Fwp%2Fv2%2Fproduct_brand&post=1025"},{"taxonomy":"product_cat","embeddable":true,"href":"https:\/\/mathforteens.pt\/index.php?rest_route=%2Fwp%2Fv2%2Fproduct_cat&post=1025"},{"taxonomy":"product_tag","embeddable":true,"href":"https:\/\/mathforteens.pt\/index.php?rest_route=%2Fwp%2Fv2%2Fproduct_tag&post=1025"}],"curies":[{"name":"wp","href":"https:\/\/api.w.org\/{rel}","templated":true}]}}