{"id":422,"date":"2025-09-10T22:01:22","date_gmt":"2025-09-10T22:01:22","guid":{"rendered":"https:\/\/mathforteens.pt\/?post_type=product&#038;p=422"},"modified":"2025-09-10T22:01:22","modified_gmt":"2025-09-10T22:01:22","slug":"resumo-fq-a-propriedades-e-transformacoes-da-materia","status":"publish","type":"product","link":"https:\/\/mathforteens.pt\/?product=resumo-fq-a-propriedades-e-transformacoes-da-materia","title":{"rendered":"Resumo FQ A &#8211; Propriedades e transforma\u00e7\u00f5es da mat\u00e9ria"},"content":{"rendered":"<p>Ano de escolaridade: 10.\u00ba ano.<\/p>\n<p>N\u00famero de p\u00e1ginas: 7.<\/p>\n<p>Formato: PDF.<\/p>\n<p>Material corrigido pelo\/a docente da disciplina.<\/p>\n","protected":false},"excerpt":{"rendered":"<p>Ano de escolaridade: 10.\u00ba ano. N\u00famero de p\u00e1ginas: 7. Formato: PDF. Material corrigido pelo\/a docente da disciplina.<\/p>\n","protected":false},"featured_media":239,"comment_status":"open","ping_status":"closed","template":"","meta":[],"product_brand":[],"product_cat":[26],"product_tag":[],"class_list":{"0":"post-422","1":"product","2":"type-product","3":"status-publish","4":"has-post-thumbnail","6":"product_cat-fisica-e-quimica","8":"first","9":"instock","10":"downloadable","11":"virtual","12":"purchasable","13":"product-type-simple"},"jetpack_sharing_enabled":true,"_links":{"self":[{"href":"https:\/\/mathforteens.pt\/index.php?rest_route=\/wp\/v2\/product\/422","targetHints":{"allow":["GET"]}}],"collection":[{"href":"https:\/\/mathforteens.pt\/index.php?rest_route=\/wp\/v2\/product"}],"about":[{"href":"https:\/\/mathforteens.pt\/index.php?rest_route=\/wp\/v2\/types\/product"}],"replies":[{"embeddable":true,"href":"https:\/\/mathforteens.pt\/index.php?rest_route=%2Fwp%2Fv2%2Fcomments&post=422"}],"wp:featuredmedia":[{"embeddable":true,"href":"https:\/\/mathforteens.pt\/index.php?rest_route=\/wp\/v2\/media\/239"}],"wp:attachment":[{"href":"https:\/\/mathforteens.pt\/index.php?rest_route=%2Fwp%2Fv2%2Fmedia&parent=422"}],"wp:term":[{"taxonomy":"product_brand","embeddable":true,"href":"https:\/\/mathforteens.pt\/index.php?rest_route=%2Fwp%2Fv2%2Fproduct_brand&post=422"},{"taxonomy":"product_cat","embeddable":true,"href":"https:\/\/mathforteens.pt\/index.php?rest_route=%2Fwp%2Fv2%2Fproduct_cat&post=422"},{"taxonomy":"product_tag","embeddable":true,"href":"https:\/\/mathforteens.pt\/index.php?rest_route=%2Fwp%2Fv2%2Fproduct_tag&post=422"}],"curies":[{"name":"wp","href":"https:\/\/api.w.org\/{rel}","templated":true}]}}